{"id":5064,"date":"2019-03-25T11:04:04","date_gmt":"2019-03-25T11:04:04","guid":{"rendered":"https:\/\/riadanya.com\/histoire\/"},"modified":"2022-07-02T19:39:08","modified_gmt":"2022-07-02T18:39:08","slug":"histoire","status":"publish","type":"page","link":"https:\/\/riadanya.com\/en\/histoire\/","title":{"rendered":"History"},"content":{"rendered":"<div id=\"pl-5064\"  class=\"panel-layout\" ><div id=\"pg-5064-0\"  class=\"panel-grid panel-no-style\" ><div id=\"pgc-5064-0-0\"  class=\"panel-grid-cell\" ><div id=\"panel-5064-0-0-0\" class=\"so-panel widget widget_sow-editor panel-first-child panel-last-child\" data-index=\"0\" ><div\n\t\t\t\n\t\t\tclass=\"so-widget-sow-editor so-widget-sow-editor-base\"\n\t\t\t\n\t\t>\n<div class=\"siteorigin-widget-tinymce textwidget\">\n\t\n\t\t\t<!-- START historyen REVOLUTION SLIDER 6.7.38 --><p class=\"rs-p-wp-fix\"><\/p>\n\t\t\t<rs-module-wrap id=\"rev_slider_23_1_wrapper\" data-source=\"gallery\" style=\"visibility:hidden;background:transparent;padding:0;margin:0px auto;margin-top:0;margin-bottom:0;\">\n\t\t\t\t<rs-module id=\"rev_slider_23_1\" style=\"\" data-version=\"6.7.38\">\n\t\t\t\t\t<rs-slides style=\"overflow: hidden; position: absolute;\">\n\t\t\t\t\t\t<rs-slide style=\"position: absolute;\" data-key=\"rs-46\" data-title=\"Slide\" data-anim=\"ms:600;r:0;\" data-in=\"o:0;\" data-out=\"a:false;\">\n\t\t\t\t\t\t\t<img decoding=\"async\" src=\"\/\/riadanya.com\/wp-content\/plugins\/revslider\/sr6\/assets\/assets\/dummy.png\" alt=\"\" title=\"lobby\" width=\"1800\" height=\"1200\" class=\"rev-slidebg tp-rs-img rs-lazyload\" data-lazyload=\"\/\/riadanya.com\/wp-content\/uploads\/2022\/07\/lobby.jpg\" data-no-retina>\n<!--\n\t\t\t\t\t\t\t--><rs-layer\n\t\t\t\t\t\t\t\tid=\"slider-23-slide-46-layer-1\" \n\t\t\t\t\t\t\t\tdata-type=\"text\"\n\t\t\t\t\t\t\t\tdata-color=\"#ffffff\"\n\t\t\t\t\t\t\t\tdata-rsp_ch=\"on\"\n\t\t\t\t\t\t\t\tdata-xy=\"x:c;xo:29px;y:101px;\"\n\t\t\t\t\t\t\t\tdata-text=\"s:16;l:25;ls:2px;a:inherit;\"\n\t\t\t\t\t\t\t\tdata-frame_1=\"sR:10;\"\n\t\t\t\t\t\t\t\tdata-frame_999=\"o:0;st:w;sR:8690.0003051758;\"\n\t\t\t\t\t\t\t\tstyle=\"z-index:6;font-family:'Lato';text-shadow:1px 1px 1px #212121;\"\n\t\t\t\t\t\t\t>A DREAM COME TRUE  \n\t\t\t\t\t\t\t<\/rs-layer><!--\n\n\t\t\t\t\t\t\t--><rs-layer\n\t\t\t\t\t\t\t\tid=\"slider-23-slide-46-layer-2\" \n\t\t\t\t\t\t\t\tdata-type=\"text\"\n\t\t\t\t\t\t\t\tdata-color=\"#ffffff\"\n\t\t\t\t\t\t\t\tdata-rsp_ch=\"on\"\n\t\t\t\t\t\t\t\tdata-xy=\"x:c;y:145px;\"\n\t\t\t\t\t\t\t\tdata-text=\"s:120;l:170;a:inherit;\"\n\t\t\t\t\t\t\t\tdata-frame_1=\"sR:10;\"\n\t\t\t\t\t\t\t\tdata-frame_999=\"o:0;st:w;sR:8690.0003051758;\"\n\t\t\t\t\t\t\t\tstyle=\"z-index:7;font-family:'RiadAnya';\"\n\t\t\t\t\t\t\t>History \n\t\t\t\t\t\t\t<\/rs-layer><!--\n\n\t\t\t\t\t\t\t--><rs-layer\n\t\t\t\t\t\t\t\tid=\"slider-23-slide-46-layer-8\" \n\t\t\t\t\t\t\t\tdata-type=\"text\"\n\t\t\t\t\t\t\t\tdata-color=\"#ffffff\"\n\t\t\t\t\t\t\t\tdata-rsp_ch=\"on\"\n\t\t\t\t\t\t\t\tdata-xy=\"x:c;y:b;yo:220px;\"\n\t\t\t\t\t\t\t\tdata-text=\"s:24;l:22;a:inherit;\"\n\t\t\t\t\t\t\t\tdata-frame_1=\"sR:10;\"\n\t\t\t\t\t\t\t\tdata-frame_999=\"o:0;st:w;sR:8690.0003051758;\"\n\t\t\t\t\t\t\t\tstyle=\"z-index:8;font-family:'luxiad';\"\n\t\t\t\t\t\t\t>RIAD ANYA \u00b7 MARRAKECH \n\t\t\t\t\t\t\t<\/rs-layer><!--\n\n\t\t\t\t\t\t\t--><rs-layer\n\t\t\t\t\t\t\t\tid=\"slider-23-slide-46-layer-10\" \n\t\t\t\t\t\t\t\tclass=\"tp-shape tp-shapewrapper\"\n\t\t\t\t\t\t\t\tdata-type=\"shape\"\n\t\t\t\t\t\t\t\tdata-rsp_ch=\"on\"\n\t\t\t\t\t\t\t\tdata-xy=\"x:c;y:c;\"\n\t\t\t\t\t\t\t\tdata-text=\"a:inherit;\"\n\t\t\t\t\t\t\t\tdata-dim=\"w:3000px;h:100%;\"\n\t\t\t\t\t\t\t\tdata-frame_1=\"sR:10;\"\n\t\t\t\t\t\t\t\tdata-frame_999=\"o:0;st:w;sR:8690.0003051758;\"\n\t\t\t\t\t\t\t\tstyle=\"z-index:5;background-color:rgba(0,0,0,0.3);\"\n\t\t\t\t\t\t\t> \n\t\t\t\t\t\t\t<\/rs-layer><!--\n\n\t\t\t\t\t\t\t--><rs-layer\n\t\t\t\t\t\t\t\tid=\"slider-23-slide-46-layer-12\" \n\t\t\t\t\t\t\t\tdata-type=\"text\"\n\t\t\t\t\t\t\t\tdata-color=\"#ffffff\"\n\t\t\t\t\t\t\t\tdata-rsp_ch=\"on\"\n\t\t\t\t\t\t\t\tdata-xy=\"x:c;y:b;yo:160px;\"\n\t\t\t\t\t\t\t\tdata-text=\"s:14;l:25;ls:1px;a:inherit;\"\n\t\t\t\t\t\t\t\tdata-frame_1=\"sR:10;\"\n\t\t\t\t\t\t\t\tdata-frame_999=\"o:0;st:w;sR:8690.0003051758;\"\n\t\t\t\t\t\t\t\tstyle=\"z-index:9;font-family:'Lato';text-shadow:1px 1px 1px #212121;\"\n\t\t\t\t\t\t\t>DISCOVER \n\t\t\t\t\t\t\t<\/rs-layer><!--\n\n\t\t\t\t\t\t\t--><rs-layer\n\t\t\t\t\t\t\t\tid=\"slider-23-slide-46-layer-14\" \n\t\t\t\t\t\t\t\tclass=\"rev-scroll-btn\"\n\t\t\t\t\t\t\t\tdata-type=\"button\"\n\t\t\t\t\t\t\t\tdata-color=\"#ffffff\"\n\t\t\t\t\t\t\t\tdata-xy=\"x:c;y:b;yo:96px;\"\n\t\t\t\t\t\t\t\tdata-text=\"a:inherit;\"\n\t\t\t\t\t\t\t\tdata-dim=\"w:35px;h:55px;\"\n\t\t\t\t\t\t\t\tdata-rsp_bd=\"off\"\n\t\t\t\t\t\t\t\tdata-border=\"bos:solid;boc:rgb(255, 255, 255);bow:3px,3px,3px,3px;bor:23px,23px,23px,23px;\"\n\t\t\t\t\t\t\t\tdata-frame_999=\"o:0;st:w;sR:8700.0003051758;\"\n\t\t\t\t\t\t\t\tstyle=\"z-index:10;background-color:rgba(0,0,0,0);font-family:'Open Sans';cursor:pointer;box-sizing:border-box;-moz-box-sizing:border-box;-webkit-box-sizing:border-box;\"\n\t\t\t\t\t\t\t>\t\t\t\t\t\t\t\n\t\t\t\t\t\t\t<span>\n\t\t\t\t\t\t\t<\/span>\t\t\t\t\t\t\t\n\t\t\t\t\t\t \n\t\t\t\t\t\t\t<\/rs-layer><!--\n-->\t\t\t\t\t<\/rs-slide>\n\t\t\t\t\t<\/rs-slides>\n\t\t\t\t<\/rs-module>\n\t\t\t\t<script>\n\t\t\t\t\tsetREVStartSize({c: 'rev_slider_23_1',rl:[1240,1024,778,480],el:[600],gw:[1240],gh:[600],type:'hero',justify:'',layout:'fullwidth',mh:\"0\"});if (window.RS_MODULES!==undefined && window.RS_MODULES.modules!==undefined && window.RS_MODULES.modules[\"revslider231\"]!==undefined) {window.RS_MODULES.modules[\"revslider231\"].once = false;window.revapi23 = undefined;if (window.RS_MODULES.checkMinimal!==undefined) window.RS_MODULES.checkMinimal()}\n\t\t\t\t<\/script>\n\t\t\t<\/rs-module-wrap>\n\t\t\t<!-- END REVOLUTION SLIDER -->\n<\/div>\n<\/div><\/div><\/div><\/div><div id=\"pg-5064-1\"  class=\"panel-grid panel-has-style\" ><div class=\"siteorigin-panels-stretch thim-fix-stretched panel-row-style panel-row-style-for-5064-1\" data-stretch-type=\"full-stretched\" ><div id=\"pgc-5064-1-0\"  class=\"panel-grid-cell\" ><div id=\"panel-5064-1-0-0\" class=\"widget_text so-panel widget widget_custom_html panel-first-child panel-last-child\" data-index=\"1\" ><div class=\"textwidget custom-html-widget\"><div class=\"img_means\">\n\t<div class=\"img_mian\">\n\t\t<div class=\"img_mean\">\n\t\t\t<p>\n\t\t\t\t<img decoding=\"async\" class=\"img_left\" src=\"https:\/\/riadanya.com\/wp-content\/uploads\/2019\/03\/5c8eb453a306c.png\" alt=\"\" >\n\t\t\t\t<img decoding=\"async\" class=\"img_right\" src=\"https:\/\/riadanya.com\/wp-content\/uploads\/2019\/03\/motif-droite.png\" alt=\"\" >\n\t\t\t<\/p>\n\t\t\t<div class=\"img_bg_center\"><\/div>\n\t\t<\/div>\n\t<\/div>\n<\/div>\n\n<\/div><\/div><\/div><\/div><\/div><div id=\"pg-5064-2\"  class=\"panel-grid panel-has-style\" ><div class=\"siteorigin-panels-stretch panel-row-style panel-row-style-for-5064-2\" data-stretch-type=\"full\" ><div id=\"pgc-5064-2-0\"  class=\"panel-grid-cell panel-grid-cell-empty\" ><\/div><div id=\"pgc-5064-2-1\"  class=\"panel-grid-cell panel-grid-cell-mobile-last\" ><div id=\"panel-5064-2-1-0\" class=\"widget_text so-panel widget widget_custom_html panel-first-child panel-last-child\" data-index=\"2\" ><div class=\"widget_text panel-widget-style panel-widget-style-for-5064-2-1-0\" ><div class=\"textwidget custom-html-widget\"><div class=\"text_means\">\n\t<div class=\"text_mian\">\n\t\t<div class=\"text_mean\">\n\t\t\t<p class=\"font_1_y\" style=\" text-align: center;\">\n\t\t\t\t<span style=\"color: #bf934f; text-align: center;\">\n\t\t\t\t\tRIAD ANYA \u00b7 MARRAKECH\n\t\t\t\t<\/span>\n\t\t\t<\/p>\n\t\t\t<h2 class=\"title_nimg_y\" style=\" text-align: center;\">\n\t\t\t\t<span>\n\t\t\t\t\tThe story of the Riad Anya\n\t\t\t\t<\/span>\n\t\t\t<\/h2>\n\t\t\t<p style=\" text-align: center;\"><br>\nThis is the story of wonderful encounters and the desire to get to know Morocco better, and specifically Marrakesh. Hamed became our general contractor and a close friend. He allowed us to realise our dream by offering this location in the Sidi Mimoun quarter, where our best neighbour is the King Mohamed VI. After 13 months of work, from the first pickaxe to the renovation of the riad, on October 7, 2007, we received our first guest. \n\t\t\t<\/p>\n\t\t<\/div>\n\t<\/div>\n<\/div>\n\n<\/div><\/div><\/div><\/div><div id=\"pgc-5064-2-2\"  class=\"panel-grid-cell panel-grid-cell-empty\" ><\/div><\/div><\/div><div id=\"pg-5064-3\"  class=\"panel-grid panel-has-style\" ><div class=\"siteorigin-panels-stretch thim-fix-stretched panel-row-style panel-row-style-for-5064-3\" data-stretch-type=\"full-stretched\" ><div id=\"pgc-5064-3-0\"  class=\"panel-grid-cell\" ><div id=\"panel-5064-3-0-0\" class=\"so-panel widget widget_media_image panel-first-child panel-last-child\" data-index=\"3\" ><img loading=\"lazy\" decoding=\"async\" width=\"1800\" height=\"1200\" src=\"https:\/\/riadanya.com\/wp-content\/uploads\/2022\/07\/pattern-b-w.jpg\" class=\"image wp-image-5825  attachment-full size-full\" alt=\"\" style=\"max-width: 100%; height: auto;\" srcset=\"https:\/\/riadanya.com\/wp-content\/uploads\/2022\/07\/pattern-b-w.jpg 1800w, https:\/\/riadanya.com\/wp-content\/uploads\/2022\/07\/pattern-b-w-300x200.jpg 300w, https:\/\/riadanya.com\/wp-content\/uploads\/2022\/07\/pattern-b-w-1024x683.jpg 1024w, https:\/\/riadanya.com\/wp-content\/uploads\/2022\/07\/pattern-b-w-768x512.jpg 768w, https:\/\/riadanya.com\/wp-content\/uploads\/2022\/07\/pattern-b-w-1536x1024.jpg 1536w, https:\/\/riadanya.com\/wp-content\/uploads\/2022\/07\/pattern-b-w-600x400.jpg 600w, https:\/\/riadanya.com\/wp-content\/uploads\/2022\/07\/pattern-b-w-272x182.jpg 272w\" sizes=\"auto, (max-width: 1800px) 100vw, 1800px\" \/><\/div><\/div><div id=\"pgc-5064-3-1\"  class=\"panel-grid-cell\" ><div class=\"panel-cell-style panel-cell-style-for-5064-3-1\" ><div id=\"panel-5064-3-1-0\" class=\"widget_text so-panel widget widget_custom_html panel-first-child panel-last-child\" data-index=\"4\" ><div class=\"widget_text TextCMB  NopMB panel-widget-style panel-widget-style-for-5064-3-1-0\" ><div class=\"textwidget custom-html-widget\"><div class=\"text_means\">\n\t<div class=\"text_mian\">\n\t\t<div class=\"text_mean\">\n\t\t\t<p class=\"font_1_y\"><span style=\"color: #bf934f;\">\n\t\t\t\tANNIVERSARY\n\t\t\t\t<\/span><\/p>\n\t\t\t<h2 class=\"title_nimg_y\"><span style=\"color: #fff;\">\n\t\t\t\t10 years\n\t\t\t\t<\/span><\/h2>\n\t\t\t<p style=\"color: #fff;\" >\n\t\t\tToday is a big day for us.\n\n15 years ago we received our first guests.\n\nFor this anniversary, we have made a video to mark this occasion and highlight our staff, who threw themselves into this not so simple task.\n\nDon\u2019t hesitate to share this video with your friends on Facebook if you\u2019re on social media.\n\nYours truly,\n\nAnnie, jean luc , Jamila, Aicha ,Sanna, Hafida et Barak\n\t\t\t<\/p>\n\t\t<\/div>\n\t<\/div>\n<\/div>\n\n<\/div><\/div><\/div><\/div><\/div><\/div><\/div><div id=\"pg-5064-4\"  class=\"panel-grid panel-has-style\" ><div class=\"siteorigin-panels-stretch panel-row-style panel-row-style-for-5064-4\" data-stretch-type=\"full\" ><div id=\"pgc-5064-4-0\"  class=\"panel-grid-cell panel-grid-cell-empty\" ><\/div><div id=\"pgc-5064-4-1\"  class=\"panel-grid-cell panel-grid-cell-mobile-last\" ><div id=\"panel-5064-4-1-0\" class=\"widget_text so-panel widget widget_custom_html panel-first-child panel-last-child\" data-index=\"5\" ><div class=\"widget_text panel-widget-style panel-widget-style-for-5064-4-1-0\" ><div class=\"textwidget custom-html-widget\"><div class=\"text_means\">\n\t<div class=\"text_mian\">\n\t\t<div class=\"text_mean\">\n\t\t\t<p class=\"font_1_y\" style=\" text-align: center;\">\n\t\t\t\t<span style=\"color: #bf934f; text-align: center;\">\n\t\t\t\t\tRIAD ANYA \u00b7 MARRAKECH\n\t\t\t\t<\/span>\n\t\t\t<\/p>\n\t\t\t<h2 class=\"title_nimg_y\" style=\" text-align: center;\">\n\t\t\t\t<span>\n\t\t\t\t\tA warm, professional welcome\n\t\t\t\t<\/span>\n\t\t\t<\/h2>\n\t\t\t<p style=\" text-align: center;\"><br>\nYou will be received by Jamila, our staff supervisor. She will explain in detail all of the practical aspects of the Riad Anya as well as the various sites to visit in Marrakesh and the surrounding areas. She can give you a map of Marrakesh and can recommend some restaurants we\u2019ve tried out. Aicha and Hafida will do their best to make sure your stay is a pleasant one. They will tend to your room and to the common areas of the hotel every day. Sanna is our chef, and she\u2019ll delight your taste buds at every meal. If you wish to dine at the Riad, let her know in the morning and you can even choose your dish (depending on the season). Barak stays at the Riad every evening to see to dinner service and welcome guests back to the hotel after their visit to the city of Marrakesh. He loves to share his knowledge of the desert with our guests over a glass of tea.Vous serez re\u00e7u par Jamila, notre responsable de l'\u00e9quipe. Elle vous expliquera en d\u00e9tails tous les aspects pratiques du riad Anya ainsi que les diff\u00e9rents sites \u00e0 visiter \u00e0 Marrakech et aux alentours. Elle vous remettra un plan de Marrakech et vous conseillera quelques restaurants que nous avons test\u00e9s. Aicha et Hafida ont le soucis de rendre agr\u00e9able votre s\u00e9jour et effectuent tous les jours l'entretien des chambres et des parties communes. Sanna est la cuisini\u00e8re qui ravira vos papilles lors de vos repas. Si vous souhaitez d\u00eener au Riad, parlez lui en le matin et vous pourrez m\u00eame choisir votre plat ( en fonction des saisons ) Barak reste au Riad toutes les nuits afin d'assurer le service des repas le soir et l'accueil de nos h\u00f4tes au retour de leur visite de Marrakech. Il aime partager sa connaissance du d\u00e9sert avec nos h\u00f4tes autour d'un verre de th\u00e9.\n\t\t\t<\/p>\n\t\t<\/div>\n\t<\/div>\n<\/div>\n\n<\/div><\/div><\/div><\/div><div id=\"pgc-5064-4-2\"  class=\"panel-grid-cell panel-grid-cell-empty\" ><\/div><\/div><\/div><div id=\"pg-5064-5\"  class=\"panel-grid panel-has-style\" ><div class=\"foimg siteorigin-panels-stretch thim-fix-stretched panel-row-style panel-row-style-for-5064-5\" data-stretch-type=\"full-stretched\" ><div id=\"pgc-5064-5-0\"  class=\"panel-grid-cell panel-grid-cell-empty\" ><\/div><div id=\"pgc-5064-5-1\"  class=\"panel-grid-cell panel-grid-cell-mobile-last\" ><div class=\"panel-cell-style panel-cell-style-for-5064-5-1\" ><div id=\"panel-5064-5-1-0\" class=\"widget_text so-panel widget widget_custom_html panel-first-child\" data-index=\"6\" ><div class=\"widget_text panel-widget-style panel-widget-style-for-5064-5-1-0\" ><div class=\"textwidget custom-html-widget\"><div class=\"text_means\">\n\t<div class=\"text_mian\">\n\t\t<div class=\"text_mean\">\n\t\t\t<p class=\"font_1_y\" style=\"text-align: center;\"><span style=\"color: #bf934f; text-align: center;\">\n\t\t\t\tRIAD ANYA \u00b7 MARRAKECH\n\t\t\t\t<\/span><\/p>\n\t\t\t<h2 class=\"title_nimg_y\" style=\"color: #fff; text-align: center;\"><span >\n\t\t\t\tAn exceptional location\n\t\t\t\t<\/span><\/h2>\n\t\t\t<p style=\"color: #fff; text-align: center;\"><br>\nThe Riad Anya is located in the medina in the Sidi Mimoun quarter, near the new royal palace. It\u2019s a mere 10 minute walk to return to calm and tranquility after the hustle and bustle of the souks.\n\t\t\t<\/p>\n\t\t<\/div>\n\t<\/div>\n<\/div>\n<div class=\"text_meanpp\"><\/div>\n\n<\/div><\/div><\/div><div id=\"panel-5064-5-1-1\" class=\"so-panel widget widget_sow-button panel-last-child\" data-index=\"7\" ><div\n\t\t\t\n\t\t\tclass=\"so-widget-sow-button so-widget-sow-button-flat-efc79ff074ef-5064\"\n\t\t\t\n\t\t><div class=\"ow-button-base ow-button-align-center\"\n>\n\t\t\t<a\n\t\t\t\t\thref=\"https:\/\/riadanya.com\/situation\/\"\n\t\t\t\t\tclass=\"sowb-button ow-icon-placement-left ow-button-hover\" \t>\n\t\t<span>\n\t\t\t\n\t\t\tDISCOVER THE PLACE\t\t<\/span>\n\t\t\t<\/a>\n\t<\/div>\n<\/div><\/div><\/div><\/div><div id=\"pgc-5064-5-2\"  class=\"panel-grid-cell panel-grid-cell-empty\" ><\/div><\/div><\/div><\/div>","protected":false},"excerpt":{"rendered":"<p>WordPress Hotel Theme &#8211; Sailing is designed to be perfect fit to online Hotel Booking site based on WordPress. This Sailing hotel is a beautiful demo to show-off a comprehensive Hotel Booking solution for WordPress.<\/p>\n","protected":false},"author":45,"featured_media":0,"parent":0,"menu_order":0,"comment_status":"open","ping_status":"open","template":"page-templates\/homepagenew.php","meta":{"om_disable_all_campaigns":false,"_monsterinsights_skip_tracking":false,"_monsterinsights_sitenote_active":false,"_monsterinsights_sitenote_note":"","_monsterinsights_sitenote_category":0,"footnotes":""},"class_list":["post-5064","page","type-page","status-publish","hentry"],"yoast_head":"<!-- This site is optimized with the Yoast SEO plugin v27.1.1 - https:\/\/yoast.com\/product\/yoast-seo-wordpress\/ -->\n<title>History - RIAD ANYA MARRAKECH<\/title>\n<meta name=\"robots\" content=\"index, follow, max-snippet:-1, max-image-preview:large, max-video-preview:-1\" \/>\n<link rel=\"canonical\" href=\"https:\/\/riadanya.com\/histoire\/?lang=en\" \/>\n<meta property=\"og:locale\" content=\"en_US\" \/>\n<meta property=\"og:type\" content=\"article\" \/>\n<meta property=\"og:title\" content=\"History - RIAD ANYA MARRAKECH\" \/>\n<meta property=\"og:description\" content=\"WordPress Hotel Theme - Sailing is designed to be perfect fit to online Hotel Booking site based on WordPress. This Sailing hotel is a beautiful demo to show-off a comprehensive Hotel Booking solution for WordPress.\" \/>\n<meta property=\"og:url\" content=\"https:\/\/riadanya.com\/histoire\/?lang=en\" \/>\n<meta property=\"og:site_name\" content=\"RIAD ANYA MARRAKECH\" \/>\n<meta property=\"article:modified_time\" content=\"2022-07-02T18:39:08+00:00\" \/>\n<meta name=\"twitter:card\" content=\"summary_large_image\" \/>\n<script type=\"application\/ld+json\" class=\"yoast-schema-graph\">{\"@context\":\"https:\/\/schema.org\",\"@graph\":[{\"@type\":\"WebPage\",\"@id\":\"https:\/\/riadanya.com\/histoire\/?lang=en\",\"url\":\"https:\/\/riadanya.com\/histoire\/?lang=en\",\"name\":\"History - RIAD ANYA MARRAKECH\",\"isPartOf\":{\"@id\":\"https:\/\/riadanya.com\/#website\"},\"datePublished\":\"2019-03-25T11:04:04+00:00\",\"dateModified\":\"2022-07-02T18:39:08+00:00\",\"breadcrumb\":{\"@id\":\"https:\/\/riadanya.com\/histoire\/?lang=en#breadcrumb\"},\"inLanguage\":\"en-US\",\"potentialAction\":[{\"@type\":\"ReadAction\",\"target\":[\"https:\/\/riadanya.com\/histoire\/?lang=en\"]}]},{\"@type\":\"BreadcrumbList\",\"@id\":\"https:\/\/riadanya.com\/histoire\/?lang=en#breadcrumb\",\"itemListElement\":[{\"@type\":\"ListItem\",\"position\":1,\"name\":\"Accueil\",\"item\":\"https:\/\/riadanya.com\/en\/\"},{\"@type\":\"ListItem\",\"position\":2,\"name\":\"History\"}]},{\"@type\":\"WebSite\",\"@id\":\"https:\/\/riadanya.com\/#website\",\"url\":\"https:\/\/riadanya.com\/\",\"name\":\"RIAD ANYA MARRAKECH\",\"description\":\"H\u00c9BERGEMENT ET VUE SUR LES MONTAGNES\",\"potentialAction\":[{\"@type\":\"SearchAction\",\"target\":{\"@type\":\"EntryPoint\",\"urlTemplate\":\"https:\/\/riadanya.com\/?s={search_term_string}\"},\"query-input\":{\"@type\":\"PropertyValueSpecification\",\"valueRequired\":true,\"valueName\":\"search_term_string\"}}],\"inLanguage\":\"en-US\"}]}<\/script>\n<!-- \/ Yoast SEO plugin. -->","yoast_head_json":{"title":"History - RIAD ANYA MARRAKECH","robots":{"index":"index","follow":"follow","max-snippet":"max-snippet:-1","max-image-preview":"max-image-preview:large","max-video-preview":"max-video-preview:-1"},"canonical":"https:\/\/riadanya.com\/histoire\/?lang=en","og_locale":"en_US","og_type":"article","og_title":"History - RIAD ANYA MARRAKECH","og_description":"WordPress Hotel Theme - Sailing is designed to be perfect fit to online Hotel Booking site based on WordPress. This Sailing hotel is a beautiful demo to show-off a comprehensive Hotel Booking solution for WordPress.","og_url":"https:\/\/riadanya.com\/histoire\/?lang=en","og_site_name":"RIAD ANYA MARRAKECH","article_modified_time":"2022-07-02T18:39:08+00:00","twitter_card":"summary_large_image","schema":{"@context":"https:\/\/schema.org","@graph":[{"@type":"WebPage","@id":"https:\/\/riadanya.com\/histoire\/?lang=en","url":"https:\/\/riadanya.com\/histoire\/?lang=en","name":"History - RIAD ANYA MARRAKECH","isPartOf":{"@id":"https:\/\/riadanya.com\/#website"},"datePublished":"2019-03-25T11:04:04+00:00","dateModified":"2022-07-02T18:39:08+00:00","breadcrumb":{"@id":"https:\/\/riadanya.com\/histoire\/?lang=en#breadcrumb"},"inLanguage":"en-US","potentialAction":[{"@type":"ReadAction","target":["https:\/\/riadanya.com\/histoire\/?lang=en"]}]},{"@type":"BreadcrumbList","@id":"https:\/\/riadanya.com\/histoire\/?lang=en#breadcrumb","itemListElement":[{"@type":"ListItem","position":1,"name":"Accueil","item":"https:\/\/riadanya.com\/en\/"},{"@type":"ListItem","position":2,"name":"History"}]},{"@type":"WebSite","@id":"https:\/\/riadanya.com\/#website","url":"https:\/\/riadanya.com\/","name":"RIAD ANYA MARRAKECH","description":"H\u00c9BERGEMENT ET VUE SUR LES MONTAGNES","potentialAction":[{"@type":"SearchAction","target":{"@type":"EntryPoint","urlTemplate":"https:\/\/riadanya.com\/?s={search_term_string}"},"query-input":{"@type":"PropertyValueSpecification","valueRequired":true,"valueName":"search_term_string"}}],"inLanguage":"en-US"}]}},"_links":{"self":[{"href":"https:\/\/riadanya.com\/en\/wp-json\/wp\/v2\/pages\/5064","targetHints":{"allow":["GET"]}}],"collection":[{"href":"https:\/\/riadanya.com\/en\/wp-json\/wp\/v2\/pages"}],"about":[{"href":"https:\/\/riadanya.com\/en\/wp-json\/wp\/v2\/types\/page"}],"author":[{"embeddable":true,"href":"https:\/\/riadanya.com\/en\/wp-json\/wp\/v2\/users\/45"}],"replies":[{"embeddable":true,"href":"https:\/\/riadanya.com\/en\/wp-json\/wp\/v2\/comments?post=5064"}],"version-history":[{"count":5,"href":"https:\/\/riadanya.com\/en\/wp-json\/wp\/v2\/pages\/5064\/revisions"}],"predecessor-version":[{"id":5955,"href":"https:\/\/riadanya.com\/en\/wp-json\/wp\/v2\/pages\/5064\/revisions\/5955"}],"wp:attachment":[{"href":"https:\/\/riadanya.com\/en\/wp-json\/wp\/v2\/media?parent=5064"}],"curies":[{"name":"wp","href":"https:\/\/api.w.org\/{rel}","templated":true}]}}